{"id":58,"date":"2025-10-20T13:28:01","date_gmt":"2025-10-20T17:28:01","guid":{"rendered":"https:\/\/portesgaragestlaurent.ca\/?page_id=58"},"modified":"2025-10-20T13:28:02","modified_gmt":"2025-10-20T17:28:02","slug":"book-online","status":"publish","type":"page","link":"https:\/\/portesgaragestlaurent.ca\/en\/book-online\/","title":{"rendered":"Book online"},"content":{"rendered":"\n<h1 class=\"wp-block-heading has-text-align-center\">Book a free service call<\/h1>\n\n\n\n<p style=\"font-size: 18px !important; text-align: center; margin-bottom: 25px;\">Tous les appels de service sont <strong>gratuits<\/strong> et un devis sera fourni sur place.<\/p>\r\n<p style=\"font-size: 18px !important; text-align: center; margin-bottom: 25px;\"><strong>Pour confirmer votre rendez-vous, veuillez r\u00e9pondre \u00e0 l&#8217;appel de notre agent de r\u00e9partition <span style=\"text-decoration: underline;\">30 minutes avant l&#8217;heure pr\u00e9vue. <\/span><\/strong><\/p>\r\n<p style=\"font-size: 18px !important; text-align: center; margin-bottom: 25px;\"><strong>Vous devez \u00e9galement <span style=\"text-decoration: underline;\">confirmer le rendez-vous par t\u00e9l\u00e9phone apr\u00e8s avoir soumis votre demande<\/span>.<\/strong><\/p>\r\n&nbsp;\r\n\r\n<iframe \r\n  style=\"display: block; max-width: 100%; margin: 0 auto; border: 1px solid #ccc;\" \r\n  src=\"https:\/\/online-booking.workiz.com\/?ac=7afe8487837ff84b527655e9406feacbbc4516d6e9e7a096d222698af8c80186\" \r\n  width=\"100%\" \r\n  height=\"700px\">\r\n<\/iframe>\n","protected":false},"excerpt":{"rendered":"<p>Book a free service call Tous les appels de service sont gratuits et un devis sera fourni sur place. Pour confirmer votre rendez-vous, veuillez r\u00e9pondre \u00e0 l&#8217;appel de notre agent de r\u00e9partition 30 minutes avant l&#8217;heure pr\u00e9vue. Vous devez \u00e9galement confirmer le rendez-vous par t\u00e9l\u00e9phone apr\u00e8s avoir soumis votre demande. &nbsp;<\/p>\n","protected":false},"author":2,"featured_media":0,"parent":0,"menu_order":0,"comment_status":"closed","ping_status":"closed","template":"","meta":{"footnotes":""},"class_list":["post-58","page","type-page","status-publish","hentry"],"_links":{"self":[{"href":"https:\/\/portesgaragestlaurent.ca\/en\/wp-json\/wp\/v2\/pages\/58","targetHints":{"allow":["GET"]}}],"collection":[{"href":"https:\/\/portesgaragestlaurent.ca\/en\/wp-json\/wp\/v2\/pages"}],"about":[{"href":"https:\/\/portesgaragestlaurent.ca\/en\/wp-json\/wp\/v2\/types\/page"}],"author":[{"embeddable":true,"href":"https:\/\/portesgaragestlaurent.ca\/en\/wp-json\/wp\/v2\/users\/2"}],"replies":[{"embeddable":true,"href":"https:\/\/portesgaragestlaurent.ca\/en\/wp-json\/wp\/v2\/comments?post=58"}],"version-history":[{"count":1,"href":"https:\/\/portesgaragestlaurent.ca\/en\/wp-json\/wp\/v2\/pages\/58\/revisions"}],"predecessor-version":[{"id":59,"href":"https:\/\/portesgaragestlaurent.ca\/en\/wp-json\/wp\/v2\/pages\/58\/revisions\/59"}],"wp:attachment":[{"href":"https:\/\/portesgaragestlaurent.ca\/en\/wp-json\/wp\/v2\/media?parent=58"}],"curies":[{"name":"wp","href":"https:\/\/api.w.org\/{rel}","templated":true}]}}